{"id":564,"date":"2021-08-18T20:13:27","date_gmt":"2021-08-18T18:13:27","guid":{"rendered":"http:\/\/localhost\/?page_id=564"},"modified":"2025-12-03T17:57:05","modified_gmt":"2025-12-03T16:57:05","slug":"home","status":"publish","type":"page","link":"https:\/\/echoczerska.pl\/","title":{"rendered":"Strona g\u0142\u00f3wna"},"content":{"rendered":"\n<div class=\"wp-block-cover alignfull has-parallax is-style- is-style-default\" style=\"min-height:70vh;aspect-ratio:unset;\"><div class=\"wp-block-cover__image-background wp-image-79 has-parallax\" style=\"background-position:50% 50%;background-image:url(https:\/\/echoczerska.pl\/wp-content\/uploads\/2021\/08\/82487739_2852736278082944_365650820974247936_n.jpg)\"><\/div><span aria-hidden=\"true\" class=\"wp-block-cover__background has-background-dim-60 has-background-dim\"><\/span><div class=\"wp-block-cover__inner-container is-layout-flow wp-block-cover-is-layout-flow\">\n<h1 class=\"wp-block-heading alignfull has-text-align-center\">Chcesz\t\t\t<span id=\"typedjs65\" class=\"animated-typed-js-shortcode \"><\/span>\n\t\t\t<script>\n\t\t\tvar typedjs65 = new Typed('#typedjs65', {\n\t\t\t\tstrings: [\"pozna\\u0107 nowych ludzi?\",\" lepiej m\\u00f3wi\\u0107 po angielsku?\",\"pozna\\u0107 nowe kultury?\",\"nauczy\\u0107 si\\u0119 czego\\u015b nowego?\"],\n\t\t\t\ttypeSpeed: 50,\n\t\t\t\tbackSpeed: 50,\n\t\t\t\tbackDelay: 500,\n\t\t\t\tstartDelay: 500,\n\t\t\t\tloop: true,\n\t\t\t\tloopCount: 0,\n\t\t\t\tfadeOut: false,\n\t\t\t\tfadeOutDelay: 500,\n\t\t\t\tsmartBackspace: true,\n\t\t\t\tshuffle: false,\n\t\t\t\tshowCursor: true,\n\t\t\t\tcursorChar: \"|\"\n\t\t\t});\n\t\t\t<\/script>\n\n\t\t<\/h1>\n\n\n\n<h4 class=\"wp-block-heading alignfull has-text-align-center\">Wymiany m\u0142odzie\u017cy Erasmus+ s\u0105 dla Ciebie!<\/h4>\n\n\n\n<div class=\"wp-block-buttons is-horizontal is-content-justification-center is-layout-flex wp-container-core-buttons-is-layout-03627597 wp-block-buttons-is-layout-flex\">\n<div class=\"wp-block-button is-style-fill\" id=\"nadchodzacewymiany\"><a class=\"wp-block-button__link has-background-color has-accent-background-color has-text-color has-background wp-element-button\" href=\"#nadchodzacewymiany\">Dowiedz si\u0119 wi\u0119cej<\/a><\/div>\n<\/div>\n<\/div><\/div>\n\n\n\n<div class=\"wp-block-group alignfull tw-border has-subtle-background-background-color has-background\"><div class=\"wp-block-group__inner-container is-layout-flow wp-block-group-is-layout-flow\">\n<h2 class=\"wp-block-heading alignfull has-text-align-center\">Nadchodz\u0105ce projekty<\/h2>\n\n\n<ul class=\"wp-block-latest-posts__list is-grid columns-3 alignfull is-style-tw-posts-card tw-img-ratio-3-2 wp-block-latest-posts\"><\/ul><\/div><\/div>\n\n\n\n<div class=\"wp-block-group alignfull has-transparent-background-color has-background tw-border\"><div class=\"wp-block-group__inner-container is-layout-flow wp-block-group-is-layout-flow\">\n<h2 class=\"wp-block-heading alignfull has-text-align-center\">Zrealizowane projekty<\/h2>\n\n\n<ul class=\"wp-block-latest-posts__list is-grid columns-3 alignfull tw-img-ratio-3-2 is-style-tw-posts-card wp-block-latest-posts\"><li><div class=\"wp-block-latest-posts__featured-image\"><a href=\"https:\/\/echoczerska.pl\/?p=2588\" aria-label=\"Training Course&lt;br\/&gt;\u201eBoosting Youth Work and Local Action\u201d&lt;br\/&gt;Manerba del Garda, Italy&lt;br\/&gt;25\/11\/2025-02\/12\/2025\"><img loading=\"lazy\" decoding=\"async\" width=\"800\" height=\"600\" src=\"https:\/\/echoczerska.pl\/wp-content\/uploads\/2025\/12\/nggallery_import\/1.jpg\" class=\"attachment-large size-large wp-post-image\" alt=\"\" style=\"max-width:1024px;max-height:300px;\" srcset=\"https:\/\/echoczerska.pl\/wp-content\/uploads\/2025\/12\/nggallery_import\/1.jpg 800w, https:\/\/echoczerska.pl\/wp-content\/uploads\/2025\/12\/nggallery_import\/1-300x225.jpg 300w, https:\/\/echoczerska.pl\/wp-content\/uploads\/2025\/12\/nggallery_import\/1-768x576.jpg 768w\" sizes=\"auto, 1024px\" \/><\/a><\/div><a class=\"wp-block-latest-posts__post-title\" href=\"https:\/\/echoczerska.pl\/?p=2588\">Training Course<br\/>\u201eBoosting Youth Work and Local Action\u201d<br\/>Manerba del Garda, Italy<br\/>25\/11\/2025-02\/12\/2025<\/a><\/li>\n<li><div class=\"wp-block-latest-posts__featured-image\"><a href=\"https:\/\/echoczerska.pl\/?p=2470\" aria-label=\"Youth Exchange&lt;br\/&gt;&#8222;Growing Tomorrow&#8221;&lt;br\/&gt;Arrouquelas, Portugal&lt;br\/&gt;01\/10\/2025-10\/10\/2025\"><img loading=\"lazy\" decoding=\"async\" width=\"800\" height=\"533\" src=\"https:\/\/echoczerska.pl\/wp-content\/uploads\/2025\/11\/nggallery_import\/IMG_2339-1024x682.jpeg\" class=\"attachment-large size-large wp-post-image\" alt=\"\" style=\"max-width:1024px;max-height:300px;\" srcset=\"https:\/\/echoczerska.pl\/wp-content\/uploads\/2025\/11\/nggallery_import\/IMG_2339-1024x682.jpeg 1024w, https:\/\/echoczerska.pl\/wp-content\/uploads\/2025\/11\/nggallery_import\/IMG_2339-300x200.jpeg 300w, https:\/\/echoczerska.pl\/wp-content\/uploads\/2025\/11\/nggallery_import\/IMG_2339-768x512.jpeg 768w, https:\/\/echoczerska.pl\/wp-content\/uploads\/2025\/11\/nggallery_import\/IMG_2339.jpeg 1066w\" sizes=\"auto, 1024px\" \/><\/a><\/div><a class=\"wp-block-latest-posts__post-title\" href=\"https:\/\/echoczerska.pl\/?p=2470\">Youth Exchange<br\/>&#8222;Growing Tomorrow&#8221;<br\/>Arrouquelas, Portugal<br\/>01\/10\/2025-10\/10\/2025<\/a><\/li>\n<li><div class=\"wp-block-latest-posts__featured-image\"><a href=\"https:\/\/echoczerska.pl\/?p=2534\" aria-label=\"Youth Exchange&lt;br\/&gt;&#8222;All About Leadership 3&#8221;&lt;br\/&gt;Murzasichle, Poland&lt;br\/&gt;17\/10\/2025-24\/10\/2025\"><img loading=\"lazy\" decoding=\"async\" width=\"800\" height=\"600\" src=\"https:\/\/echoczerska.pl\/wp-content\/uploads\/2025\/11\/nggallery_import\/WhatsApp-Image-2025-10-22-at-11.45.17.jpeg\" class=\"attachment-large size-large wp-post-image\" alt=\"\" style=\"max-width:1024px;max-height:300px;\" srcset=\"https:\/\/echoczerska.pl\/wp-content\/uploads\/2025\/11\/nggallery_import\/WhatsApp-Image-2025-10-22-at-11.45.17.jpeg 1000w, https:\/\/echoczerska.pl\/wp-content\/uploads\/2025\/11\/nggallery_import\/WhatsApp-Image-2025-10-22-at-11.45.17-300x225.jpeg 300w, https:\/\/echoczerska.pl\/wp-content\/uploads\/2025\/11\/nggallery_import\/WhatsApp-Image-2025-10-22-at-11.45.17-768x576.jpeg 768w\" sizes=\"auto, 1024px\" \/><\/a><\/div><a class=\"wp-block-latest-posts__post-title\" href=\"https:\/\/echoczerska.pl\/?p=2534\">Youth Exchange<br\/>&#8222;All About Leadership 3&#8221;<br\/>Murzasichle, Poland<br\/>17\/10\/2025-24\/10\/2025<\/a><\/li>\n<\/ul><\/div><\/div>\n\n\n\n<div class=\"wp-block-group alignfull has-subtle-background-background-color has-background\"><div class=\"wp-block-group__inner-container is-layout-flow wp-block-group-is-layout-flow\">\n<h2 class=\"wp-block-heading has-text-align-center\">Dzia\u0142ania lokalne<\/h2>\n\n\n<ul class=\"wp-block-latest-posts__list is-grid columns-3 alignfull is-style-tw-posts-card tw-img-ratio-3-2 wp-block-latest-posts\"><li><div class=\"wp-block-latest-posts__featured-image\"><a href=\"https:\/\/echoczerska.pl\/?p=2375\" aria-label=\"Projekt \u201eNiedzielna Kawiarenka Seniora\u201d zosta\u0142 zatwierdzony!\"><img loading=\"lazy\" decoding=\"async\" width=\"800\" height=\"800\" src=\"https:\/\/echoczerska.pl\/wp-content\/uploads\/2025\/05\/Image-1024x1024.png\" class=\"attachment-large size-large wp-post-image\" alt=\"\" style=\"\" srcset=\"https:\/\/echoczerska.pl\/wp-content\/uploads\/2025\/05\/Image-1024x1024.png 1024w, https:\/\/echoczerska.pl\/wp-content\/uploads\/2025\/05\/Image-300x300.png 300w, https:\/\/echoczerska.pl\/wp-content\/uploads\/2025\/05\/Image-150x150.png 150w, https:\/\/echoczerska.pl\/wp-content\/uploads\/2025\/05\/Image-768x768.png 768w, https:\/\/echoczerska.pl\/wp-content\/uploads\/2025\/05\/Image-1536x1536.png 1536w, https:\/\/echoczerska.pl\/wp-content\/uploads\/2025\/05\/Image-2048x2048.png 2048w, https:\/\/echoczerska.pl\/wp-content\/uploads\/2025\/05\/Image-1200x1200.png 1200w, https:\/\/echoczerska.pl\/wp-content\/uploads\/2025\/05\/Image-1980x1980.png 1980w\" sizes=\"auto, (min-width: 1024px) calc(33.33vw - 48px),(min-width: 700px) calc(50vw - 56px), calc(100vw - 40px)\" \/><\/a><\/div><a class=\"wp-block-latest-posts__post-title\" href=\"https:\/\/echoczerska.pl\/?p=2375\">Projekt \u201eNiedzielna Kawiarenka Seniora\u201d zosta\u0142 zatwierdzony!<\/a><\/li>\n<li><div class=\"wp-block-latest-posts__featured-image\"><a href=\"https:\/\/echoczerska.pl\/?p=2307\" aria-label=\"Niedzielna Kawiarenka Seniora: Warsztaty tworzenia \u015bwiec dekoracyjnych\"><img loading=\"lazy\" decoding=\"async\" width=\"800\" height=\"600\" src=\"https:\/\/echoczerska.pl\/wp-content\/uploads\/2025\/03\/nggallery_import\/WhatsApp-Image-2025-03-12-at-17.59.59-3-1024x768.jpeg\" class=\"attachment-large size-large wp-post-image\" alt=\"\" style=\"\" srcset=\"https:\/\/echoczerska.pl\/wp-content\/uploads\/2025\/03\/nggallery_import\/WhatsApp-Image-2025-03-12-at-17.59.59-3-1024x768.jpeg 1024w, https:\/\/echoczerska.pl\/wp-content\/uploads\/2025\/03\/nggallery_import\/WhatsApp-Image-2025-03-12-at-17.59.59-3-300x225.jpeg 300w, https:\/\/echoczerska.pl\/wp-content\/uploads\/2025\/03\/nggallery_import\/WhatsApp-Image-2025-03-12-at-17.59.59-3-768x576.jpeg 768w, https:\/\/echoczerska.pl\/wp-content\/uploads\/2025\/03\/nggallery_import\/WhatsApp-Image-2025-03-12-at-17.59.59-3-1536x1152.jpeg 1536w, https:\/\/echoczerska.pl\/wp-content\/uploads\/2025\/03\/nggallery_import\/WhatsApp-Image-2025-03-12-at-17.59.59-3-1200x900.jpeg 1200w, https:\/\/echoczerska.pl\/wp-content\/uploads\/2025\/03\/nggallery_import\/WhatsApp-Image-2025-03-12-at-17.59.59-3.jpeg 1600w\" sizes=\"auto, (min-width: 1024px) calc(33.33vw - 48px),(min-width: 700px) calc(50vw - 56px), calc(100vw - 40px)\" \/><\/a><\/div><a class=\"wp-block-latest-posts__post-title\" href=\"https:\/\/echoczerska.pl\/?p=2307\">Niedzielna Kawiarenka Seniora: Warsztaty tworzenia \u015bwiec dekoracyjnych<\/a><\/li>\n<li><div class=\"wp-block-latest-posts__featured-image\"><a href=\"https:\/\/echoczerska.pl\/?p=2298\" aria-label=\"Spotkania lokalnej spo\u0142eczno\u015bci w biurze EUROMED EVE POLSKA\"><img loading=\"lazy\" decoding=\"async\" width=\"800\" height=\"600\" src=\"https:\/\/echoczerska.pl\/wp-content\/uploads\/2025\/03\/nggallery_import\/WhatsApp-Image-2025-03-14-at-17.08.11-1024x768.jpeg\" class=\"attachment-large size-large wp-post-image\" alt=\"\" style=\"\" srcset=\"https:\/\/echoczerska.pl\/wp-content\/uploads\/2025\/03\/nggallery_import\/WhatsApp-Image-2025-03-14-at-17.08.11-1024x768.jpeg 1024w, https:\/\/echoczerska.pl\/wp-content\/uploads\/2025\/03\/nggallery_import\/WhatsApp-Image-2025-03-14-at-17.08.11-300x225.jpeg 300w, https:\/\/echoczerska.pl\/wp-content\/uploads\/2025\/03\/nggallery_import\/WhatsApp-Image-2025-03-14-at-17.08.11-768x576.jpeg 768w, https:\/\/echoczerska.pl\/wp-content\/uploads\/2025\/03\/nggallery_import\/WhatsApp-Image-2025-03-14-at-17.08.11-1536x1152.jpeg 1536w, https:\/\/echoczerska.pl\/wp-content\/uploads\/2025\/03\/nggallery_import\/WhatsApp-Image-2025-03-14-at-17.08.11-1200x900.jpeg 1200w, https:\/\/echoczerska.pl\/wp-content\/uploads\/2025\/03\/nggallery_import\/WhatsApp-Image-2025-03-14-at-17.08.11.jpeg 1600w\" sizes=\"auto, (min-width: 1024px) calc(33.33vw - 48px),(min-width: 700px) calc(50vw - 56px), calc(100vw - 40px)\" \/><\/a><\/div><a class=\"wp-block-latest-posts__post-title\" href=\"https:\/\/echoczerska.pl\/?p=2298\">Spotkania lokalnej spo\u0142eczno\u015bci w biurze EUROMED EVE POLSKA<\/a><\/li>\n<\/ul><\/div><\/div>\n\n\n\n<div class=\"wp-block-group alignfull has-transparent-background-color has-background tw-border\"><div class=\"wp-block-group__inner-container is-layout-flow wp-block-group-is-layout-flow\">\n<h2 class=\"wp-block-heading has-text-align-center tw-mb-4\">Wesprzyj nas<\/h2>\n\n\n\n<figure class=\"wp-block-image alignfull size-large\"><img loading=\"lazy\" decoding=\"async\" width=\"1024\" height=\"106\" src=\"http:\/\/localhost\/wp-content\/uploads\/2021\/09\/logo_web_2-01-01-1024x106.jpg\" alt=\"\" class=\"wp-image-635\" srcset=\"https:\/\/echoczerska.pl\/wp-content\/uploads\/2021\/09\/logo_web_2-01-01-1024x106.jpg 1024w, https:\/\/echoczerska.pl\/wp-content\/uploads\/2021\/09\/logo_web_2-01-01-300x31.jpg 300w, https:\/\/echoczerska.pl\/wp-content\/uploads\/2021\/09\/logo_web_2-01-01-768x79.jpg 768w, https:\/\/echoczerska.pl\/wp-content\/uploads\/2021\/09\/logo_web_2-01-01-1536x159.jpg 1536w, https:\/\/echoczerska.pl\/wp-content\/uploads\/2021\/09\/logo_web_2-01-01-2048x211.jpg 2048w, https:\/\/echoczerska.pl\/wp-content\/uploads\/2021\/09\/logo_web_2-01-01-1200x124.jpg 1200w, https:\/\/echoczerska.pl\/wp-content\/uploads\/2021\/09\/logo_web_2-01-01-1980x204.jpg 1980w\" sizes=\"auto, (max-width: 1024px) 100vw, 1024px\" \/><\/figure>\n\n\n\n<p><\/p>\n<\/div><\/div>\n","protected":false},"excerpt":{"rendered":"<p>Nadchodz\u0105ce projekty Zrealizowane projekty Dzia\u0142ania lokalne Wesprzyj nas<\/p>\n","protected":false},"author":1,"featured_media":0,"parent":0,"menu_order":0,"comment_status":"closed","ping_status":"closed","template":"tw-no-title.php","meta":{"ngg_post_thumbnail":0,"footnotes":""},"class_list":["post-564","page","type-page","status-publish","hentry"],"_links":{"self":[{"href":"https:\/\/echoczerska.pl\/index.php?rest_route=\/wp\/v2\/pages\/564","targetHints":{"allow":["GET"]}}],"collection":[{"href":"https:\/\/echoczerska.pl\/index.php?rest_route=\/wp\/v2\/pages"}],"about":[{"href":"https:\/\/echoczerska.pl\/index.php?rest_route=\/wp\/v2\/types\/page"}],"author":[{"embeddable":true,"href":"https:\/\/echoczerska.pl\/index.php?rest_route=\/wp\/v2\/users\/1"}],"replies":[{"embeddable":true,"href":"https:\/\/echoczerska.pl\/index.php?rest_route=%2Fwp%2Fv2%2Fcomments&post=564"}],"version-history":[{"count":40,"href":"https:\/\/echoczerska.pl\/index.php?rest_route=\/wp\/v2\/pages\/564\/revisions"}],"predecessor-version":[{"id":2585,"href":"https:\/\/echoczerska.pl\/index.php?rest_route=\/wp\/v2\/pages\/564\/revisions\/2585"}],"wp:attachment":[{"href":"https:\/\/echoczerska.pl\/index.php?rest_route=%2Fwp%2Fv2%2Fmedia&parent=564"}],"curies":[{"name":"wp","href":"https:\/\/api.w.org\/{rel}","templated":true}]}}